{"id":4226,"date":"2023-05-23T10:54:33","date_gmt":"2023-05-23T08:54:33","guid":{"rendered":"https:\/\/szkola.2lo.pl\/?page_id=4226"},"modified":"2024-09-03T21:02:35","modified_gmt":"2024-09-03T19:02:35","slug":"informacje-dla-ucznia","status":"publish","type":"page","link":"https:\/\/szkola.2lo.pl\/index.php\/informacje-dla-ucznia\/","title":{"rendered":"Informacje dla ucznia"},"content":{"rendered":"\n<h2 class=\"wp-block-heading has-text-align-center has-primary-color has-text-color has-link-color wp-elements-26866fa18a77281d96893ff927fe9b81\">Plany nauczania na rok szkolny 2024\/25<br>Zesp\u00f3\u0142 Szk\u00f3\u0142 Nr 1 im. Henryka Sienkiewicza w Ko\u0142obrzegu<\/h2>\n\n\n\n<div data-wp-interactive=\"core\/file\" class=\"wp-block-file\"><object data-wp-bind--hidden=\"!state.hasPdfPreview\" hidden class=\"wp-block-file__embed\" data=\"https:\/\/szkola.2lo.pl\/wp-content\/uploads\/2024\/09\/Plany-nauczania_ZS1-HS_ZSH_2024_2025_ANEKS_WRZESNIOWY.pdf\" type=\"application\/pdf\" style=\"width:100%;height:600px\" aria-label=\"Osadzone z Plany nauczania_ZS1 HS_ZSH_2024_2025_ANEKS_WRZESNIOWY.\"><\/object><a id=\"wp-block-file--media-88230b47-0acc-4191-9b91-82a8271684ec\" href=\"https:\/\/szkola.2lo.pl\/wp-content\/uploads\/2024\/09\/Plany-nauczania_ZS1-HS_ZSH_2024_2025_ANEKS_WRZESNIOWY.pdf\" target=\"_blank\" rel=\"noreferrer noopener\">Plany nauczania_ZS1 HS_ZSH_2024_2025_ANEKS_WRZESNIOWY<\/a><\/div>\n\n\n\n<p><\/p>\n\n\n\n<h2 class=\"wp-block-heading has-text-align-center has-primary-color has-text-color\">Plany nauczania na rok szkolny 2023\/24<br>Zesp\u00f3\u0142 Szk\u00f3\u0142 Nr 1 im. Henryka Sienkiewicza w Ko\u0142obrzegu<\/h2>\n\n\n\n<div data-wp-interactive=\"core\/file\" class=\"wp-block-file\"><object data-wp-bind--hidden=\"!state.hasPdfPreview\" hidden class=\"wp-block-file__embed\" data=\"https:\/\/szkola.2lo.pl\/wp-content\/uploads\/2024\/06\/Plany-nauczania_ZS1-HS_ZSH-2023_2024.pdf\" type=\"application\/pdf\" style=\"width:100%;height:600px\" aria-label=\"Osadzone z Plany-nauczania_ZS1-HS_ZSH-2023_2024.\"><\/object><a id=\"wp-block-file--media-9dcfbbbe-1ee8-4bce-aeea-3f64232dc0ca\" href=\"https:\/\/szkola.2lo.pl\/wp-content\/uploads\/2024\/06\/Plany-nauczania_ZS1-HS_ZSH-2023_2024.pdf\" target=\"_blank\" rel=\"noreferrer noopener\">Plany-nauczania_ZS1-HS_ZSH-2023_2024<\/a><\/div>\n\n\n\n<p><\/p>\n\n\n\n<p><\/p>\n\n\n\n<p><\/p>\n\n\n\n<p><\/p>\n\n\n\n<p><\/p>\n\n\n\n<p><\/p>\n\n\n\n<p><\/p>\n","protected":false},"excerpt":{"rendered":"<p>Plany nauczania na rok szkolny 2024\/25Zesp\u00f3\u0142 Szk\u00f3\u0142 Nr 1 im. Henryka Sienkiewicza w Ko\u0142obrzegu Plany nauczania na rok szkolny 2023\/24Zesp\u00f3\u0142 Szk\u00f3\u0142 Nr 1 [&hellip;]<\/p>\n","protected":false},"author":1,"featured_media":0,"parent":0,"menu_order":0,"comment_status":"closed","ping_status":"closed","template":"page-no-title","meta":{"footnotes":""},"class_list":["post-4226","page","type-page","status-publish","hentry"],"_links":{"self":[{"href":"https:\/\/szkola.2lo.pl\/index.php\/wp-json\/wp\/v2\/pages\/4226","targetHints":{"allow":["GET"]}}],"collection":[{"href":"https:\/\/szkola.2lo.pl\/index.php\/wp-json\/wp\/v2\/pages"}],"about":[{"href":"https:\/\/szkola.2lo.pl\/index.php\/wp-json\/wp\/v2\/types\/page"}],"author":[{"embeddable":true,"href":"https:\/\/szkola.2lo.pl\/index.php\/wp-json\/wp\/v2\/users\/1"}],"replies":[{"embeddable":true,"href":"https:\/\/szkola.2lo.pl\/index.php\/wp-json\/wp\/v2\/comments?post=4226"}],"version-history":[{"count":14,"href":"https:\/\/szkola.2lo.pl\/index.php\/wp-json\/wp\/v2\/pages\/4226\/revisions"}],"predecessor-version":[{"id":5748,"href":"https:\/\/szkola.2lo.pl\/index.php\/wp-json\/wp\/v2\/pages\/4226\/revisions\/5748"}],"wp:attachment":[{"href":"https:\/\/szkola.2lo.pl\/index.php\/wp-json\/wp\/v2\/media?parent=4226"}],"curies":[{"name":"wp","href":"https:\/\/api.w.org\/{rel}","templated":true}]}}