{"id":4236,"date":"2023-05-23T11:08:46","date_gmt":"2023-05-23T09:08:46","guid":{"rendered":"https:\/\/szkola.2lo.pl\/?page_id=4236"},"modified":"2025-03-11T09:33:57","modified_gmt":"2025-03-11T08:33:57","slug":"szkola","status":"publish","type":"page","link":"https:\/\/szkola.2lo.pl\/index.php\/szkola\/","title":{"rendered":"Szko\u0142a"},"content":{"rendered":"\n<div class=\"wp-block-group is-layout-constrained wp-block-group-is-layout-constrained\">\n<div class=\"wp-block-columns is-layout-flex wp-container-core-columns-is-layout-28f84493 wp-block-columns-is-layout-flex\">\n<div class=\"wp-block-column is-layout-flow wp-block-column-is-layout-flow\" style=\"flex-basis:100%\">\n<figure class=\"wp-block-gallery aligncenter has-nested-images columns-2 wp-block-gallery-1 is-layout-flex wp-block-gallery-is-layout-flex\">\n<figure class=\"wp-block-image alignright size-large is-resized\"><a href=\"https:\/\/rekrutacja.2lo.pl\/\" target=\"_blank\" rel=\"noreferrer noopener\"><img loading=\"lazy\" decoding=\"async\" width=\"500\" height=\"500\" data-id=\"4280\" src=\"https:\/\/szkola.2lo.pl\/wp-content\/uploads\/2023\/05\/rekrutacja.png\" alt=\"rekrutacja\" class=\"wp-image-4280\" style=\"width:200px;height:undefinedpx\" srcset=\"https:\/\/szkola.2lo.pl\/wp-content\/uploads\/2023\/05\/rekrutacja.png 500w, https:\/\/szkola.2lo.pl\/wp-content\/uploads\/2023\/05\/rekrutacja-300x300.png 300w, https:\/\/szkola.2lo.pl\/wp-content\/uploads\/2023\/05\/rekrutacja-150x150.png 150w\" sizes=\"auto, (max-width: 500px) 100vw, 500px\" \/><\/a><\/figure>\n\n\n\n<figure class=\"wp-block-image alignleft size-large is-resized is-style-default\"><a href=\"http:\/\/galeria.2lo.pl\/index.php?\/category\/271\" target=\"_blank\" rel=\"noreferrer noopener\"><img loading=\"lazy\" decoding=\"async\" width=\"400\" height=\"400\" data-id=\"4278\" src=\"https:\/\/szkola.2lo.pl\/wp-content\/uploads\/2023\/05\/galeria-szkoly-accepted.png\" alt=\"galeria\" class=\"wp-image-4278\" style=\"width:200px;height:undefinedpx\" srcset=\"https:\/\/szkola.2lo.pl\/wp-content\/uploads\/2023\/05\/galeria-szkoly-accepted.png 400w, https:\/\/szkola.2lo.pl\/wp-content\/uploads\/2023\/05\/galeria-szkoly-accepted-300x300.png 300w, https:\/\/szkola.2lo.pl\/wp-content\/uploads\/2023\/05\/galeria-szkoly-accepted-150x150.png 150w\" sizes=\"auto, (max-width: 400px) 100vw, 400px\" \/><\/a><\/figure>\n<\/figure>\n<\/div>\n<\/div>\n\n\n\n<figure class=\"wp-block-table\"><table><tbody><tr><td><a href=\"http:\/\/rekrutacja.2lo.pl\/www\/\" target=\"_blank\" rel=\"noreferrer noopener\"><\/a><strong>Panel rekrutacyjny. <\/strong><br>Tu znajdziesz aktualne informacje o systemie naboru do naszej szko\u0142y. <strong><a href=\"https:\/\/rekrutacja.2lo.pl\/\">PRZEJD\u0179 DO NABORU\u00a0ELEKTRONICZNEGO<\/a><\/strong> lub wybierz ikonk\u0119 umieszczon\u0105 powy\u017cej.<\/td><td><strong>Galeria szkolnych zdj\u0119\u0107. <\/strong><br>Zapraszamy do obejrzenia naszego zbioru fotografii od roku 2005 do chwili obecnej. <a href=\"http:\/\/galeria.2lo.pl\/index.php?\/category\/271\" data-type=\"link\" data-id=\"http:\/\/galeria.2lo.pl\/index.php?\/category\/271\" target=\"_blank\" rel=\"noreferrer noopener\"><strong>PRZEJD\u0179 DO GALERII SZKO\u0141Y<\/strong><\/a> lub wybierz ikonk\u0119 umieszczon\u0105 powy\u017cej.<\/td><\/tr><\/tbody><\/table><\/figure>\n<\/div>\n\n\n\n<figure class=\"wp-block-gallery has-nested-images columns-default is-cropped wp-block-gallery-2 is-layout-flex wp-block-gallery-is-layout-flex\">\n<figure class=\"wp-block-image size-large is-resized\"><a href=\"http:\/\/tv.2lo.pl\/\" target=\"_blank\" rel=\"noreferrer noopener\"><img loading=\"lazy\" decoding=\"async\" width=\"250\" height=\"250\" data-id=\"4285\" src=\"https:\/\/szkola.2lo.pl\/wp-content\/uploads\/2023\/05\/sienkiewicz-tv.m.png\" alt=\"tvsienkiewicz\" class=\"wp-image-4285\" style=\"width:200px;height:undefinedpx\" srcset=\"https:\/\/szkola.2lo.pl\/wp-content\/uploads\/2023\/05\/sienkiewicz-tv.m.png 250w, https:\/\/szkola.2lo.pl\/wp-content\/uploads\/2023\/05\/sienkiewicz-tv.m-150x150.png 150w\" sizes=\"auto, (max-width: 250px) 100vw, 250px\" \/><\/a><\/figure>\n\n\n\n<figure class=\"wp-block-image size-large is-resized\"><a href=\"https:\/\/portal.librus.pl\/rodzina\/synergia\/loguj\" target=\"_blank\" rel=\"noreferrer noopener\"><img loading=\"lazy\" decoding=\"async\" width=\"250\" height=\"250\" data-id=\"4283\" src=\"https:\/\/szkola.2lo.pl\/wp-content\/uploads\/2023\/05\/librus.m.png\" alt=\"dziennik\" class=\"wp-image-4283\" style=\"width:200px;height:undefinedpx\" srcset=\"https:\/\/szkola.2lo.pl\/wp-content\/uploads\/2023\/05\/librus.m.png 250w, https:\/\/szkola.2lo.pl\/wp-content\/uploads\/2023\/05\/librus.m-150x150.png 150w\" sizes=\"auto, (max-width: 250px) 100vw, 250px\" \/><\/a><\/figure>\n\n\n\n<figure class=\"wp-block-image size-large is-resized\"><a href=\"http:\/\/lomot.2lo.pl\/\" target=\"_blank\" rel=\"noreferrer noopener\"><img loading=\"lazy\" decoding=\"async\" width=\"250\" height=\"250\" data-id=\"4284\" src=\"https:\/\/szkola.2lo.pl\/wp-content\/uploads\/2023\/05\/lomot.m.png\" alt=\"\u0142omot\" class=\"wp-image-4284\" style=\"width:200px;height:undefinedpx\" srcset=\"https:\/\/szkola.2lo.pl\/wp-content\/uploads\/2023\/05\/lomot.m.png 250w, https:\/\/szkola.2lo.pl\/wp-content\/uploads\/2023\/05\/lomot.m-150x150.png 150w\" sizes=\"auto, (max-width: 250px) 100vw, 250px\" \/><\/a><\/figure>\n<\/figure>\n\n\n\n<p><\/p>\n","protected":false},"excerpt":{"rendered":"<p>Panel rekrutacyjny. Tu znajdziesz aktualne informacje o systemie naboru do naszej szko\u0142y. PRZEJD\u0179 DO NABORU\u00a0ELEKTRONICZNEGO lub wybierz ikonk\u0119 umieszczon\u0105 powy\u017cej. Galeria szkolnych zdj\u0119\u0107. [&hellip;]<\/p>\n","protected":false},"author":1,"featured_media":0,"parent":0,"menu_order":0,"comment_status":"closed","ping_status":"closed","template":"page-no-title","meta":{"footnotes":""},"class_list":["post-4236","page","type-page","status-publish","hentry"],"_links":{"self":[{"href":"https:\/\/szkola.2lo.pl\/index.php\/wp-json\/wp\/v2\/pages\/4236","targetHints":{"allow":["GET"]}}],"collection":[{"href":"https:\/\/szkola.2lo.pl\/index.php\/wp-json\/wp\/v2\/pages"}],"about":[{"href":"https:\/\/szkola.2lo.pl\/index.php\/wp-json\/wp\/v2\/types\/page"}],"author":[{"embeddable":true,"href":"https:\/\/szkola.2lo.pl\/index.php\/wp-json\/wp\/v2\/users\/1"}],"replies":[{"embeddable":true,"href":"https:\/\/szkola.2lo.pl\/index.php\/wp-json\/wp\/v2\/comments?post=4236"}],"version-history":[{"count":12,"href":"https:\/\/szkola.2lo.pl\/index.php\/wp-json\/wp\/v2\/pages\/4236\/revisions"}],"predecessor-version":[{"id":5964,"href":"https:\/\/szkola.2lo.pl\/index.php\/wp-json\/wp\/v2\/pages\/4236\/revisions\/5964"}],"wp:attachment":[{"href":"https:\/\/szkola.2lo.pl\/index.php\/wp-json\/wp\/v2\/media?parent=4236"}],"curies":[{"name":"wp","href":"https:\/\/api.w.org\/{rel}","templated":true}]}}