{"id":4363,"date":"2023-05-24T10:56:08","date_gmt":"2023-05-24T08:56:08","guid":{"rendered":"https:\/\/szkola.2lo.pl\/?page_id=4363"},"modified":"2023-12-07T10:15:39","modified_gmt":"2023-12-07T09:15:39","slug":"oferta-turystyczna","status":"publish","type":"page","link":"https:\/\/szkola.2lo.pl\/index.php\/oferta-turystyczna\/","title":{"rendered":"Oferta turystyczna"},"content":{"rendered":"\n<p><\/p>\n\n\n\n<h2 class=\"wp-block-heading has-text-align-center has-primary-color has-text-color\"><strong>Zesp\u00f3\u0142 Szk\u00f3\u0142 Nr 1 im. H. Sienkiewicza w Ko\u0142obrzegu informuje, \u017ce na bazie naszych obiekt\u00f3w szkolnych ( internat, sala sportowa, si\u0142ownia,&nbsp; boiska &#8222;ORLIK 2012&#8221;) przyjmuje turnusy kolonijne, obozy sportowe oraz klient\u00f3w indywidualnych.<\/strong><\/h2>\n\n\n\n<p><\/p>\n\n\n\n<h2 class=\"wp-block-heading has-text-align-center has-text-color\" style=\"color:#5531c0\"><strong>ZAPRASZAMY DO NASZEGO INTERNATU<\/strong> <strong>NA ZIMOWISKA I LETNI WYPOCZYNEK<\/strong>: <strong>KOLONIE, OBOZY SPORTOWE.<\/strong> <br><strong>DO PA\u0143STWA DYSPOZYCJI JEST:<\/strong><\/h2>\n\n\n<ul>\n<li>\u00a0baza noclegowa w internacie \/ pokoje 4 os. \/ i w szkole, kadra pokoje 3 os. z \u0142azienk\u0105 &#8211; razem 190 miejsc,\u00a0<\/li>\n<li>\u015bwietlica &#8211; TV,<\/li>\n<li>sto\u0142\u00f3wka &#8211; wy\u017cywienie &#8211; 4 posi\u0142ki dziennie,<\/li>\n<li>sala sportowa \/ 30 m x 18 m \/,si\u0142ownia\u00a0 &#8211; 14 stanowisk ,<\/li>\n<li>sauna,<\/li>\n<li>boisko sportowe \u201eORLIK\u201d (pi\u0142ka no\u017cna, koszykowa, siatkowa, skocznia w dal, rzutnia kul\u0105, si\u0142ownia zewn\u0119trzna \u2013 8 stanowisk),<\/li>\n<li>recepcja czynna 24 h,<\/li>\n<li>gabinet lekarski \u2013 opieka medyczna we w\u0142asnym zakresie.<\/li>\n<\/ul>\n\n\n<h2 class=\"wp-block-heading has-text-align-center has-vivid-red-color has-text-color\"><strong>Teren szkolny jest ogrodzony i monitorowany.<\/strong><\/h2>\n\n\n\n<h2 class=\"wp-block-heading has-primary-color has-text-color has-link-color wp-elements-9a5e899bc158abe26d2ae4a639db2c01\"><strong>Kontakt:<\/strong><\/h2>\n\n\n<h6><strong>tel. 570 380 741 <\/strong><br \/><strong>e-mail: a.brzeczko@2lo.pl<\/strong><\/h6>\n\n\n<h2 class=\"wp-block-heading has-text-align-center has-text-color\" style=\"color:#08671c\"><strong>SERDECZNIE      ZAPRASZAMY<\/strong><\/h2>\n","protected":false},"excerpt":{"rendered":"<p>Zesp\u00f3\u0142 Szk\u00f3\u0142 Nr 1 im. H. Sienkiewicza w Ko\u0142obrzegu informuje, \u017ce na bazie naszych obiekt\u00f3w szkolnych ( internat, sala sportowa, si\u0142ownia,&nbsp; boiska &#8222;ORLIK [&hellip;]<\/p>\n","protected":false},"author":1,"featured_media":0,"parent":0,"menu_order":0,"comment_status":"closed","ping_status":"closed","template":"page-no-title","meta":{"footnotes":""},"class_list":["post-4363","page","type-page","status-publish","hentry"],"_links":{"self":[{"href":"https:\/\/szkola.2lo.pl\/index.php\/wp-json\/wp\/v2\/pages\/4363","targetHints":{"allow":["GET"]}}],"collection":[{"href":"https:\/\/szkola.2lo.pl\/index.php\/wp-json\/wp\/v2\/pages"}],"about":[{"href":"https:\/\/szkola.2lo.pl\/index.php\/wp-json\/wp\/v2\/types\/page"}],"author":[{"embeddable":true,"href":"https:\/\/szkola.2lo.pl\/index.php\/wp-json\/wp\/v2\/users\/1"}],"replies":[{"embeddable":true,"href":"https:\/\/szkola.2lo.pl\/index.php\/wp-json\/wp\/v2\/comments?post=4363"}],"version-history":[{"count":6,"href":"https:\/\/szkola.2lo.pl\/index.php\/wp-json\/wp\/v2\/pages\/4363\/revisions"}],"predecessor-version":[{"id":5412,"href":"https:\/\/szkola.2lo.pl\/index.php\/wp-json\/wp\/v2\/pages\/4363\/revisions\/5412"}],"wp:attachment":[{"href":"https:\/\/szkola.2lo.pl\/index.php\/wp-json\/wp\/v2\/media?parent=4363"}],"curies":[{"name":"wp","href":"https:\/\/api.w.org\/{rel}","templated":true}]}}