{"id":4387,"date":"2023-05-24T12:59:06","date_gmt":"2023-05-24T10:59:06","guid":{"rendered":"https:\/\/szkola.2lo.pl\/?page_id=4387"},"modified":"2023-05-24T12:59:06","modified_gmt":"2023-05-24T10:59:06","slug":"kapitula","status":"publish","type":"page","link":"https:\/\/szkola.2lo.pl\/index.php\/kapitula\/","title":{"rendered":"Kapitu\u0142a"},"content":{"rendered":"\n<ol class=\"wp-block-list\">\n<li>O wyborze laureata w kategoriach: PRZYJACIEL SZKO\u0141Y, OSOBOWO\u015a\u0106 SZKOLNA, WYJ\u0104TKOWY RODZIC I SUPER ABSOLWENT decyduje Kapitu\u0142a konkursowa, zwana dalej \u201eKapitu\u0142\u0105\u201d, powo\u0142ana przez Dyrektora Zespo\u0142u Szk\u00f3\u0142 Nr 1 im. Henryka Sienkiewicza w Ko\u0142obrzegu.<\/li>\n\n\n\n<li>Dyrektor Szko\u0142y wyznacza sk\u0142ad Kapitu\u0142y na okres roku szkolnego poprzez komunikat wewn\u0119trzny.<\/li>\n\n\n\n<li>Prac\u0105 Kapitu\u0142y kieruje Przewodnicz\u0105cy.<\/li>\n\n\n\n<li>Obrady Kapitu\u0142y s\u0105 tajne.<\/li>\n\n\n\n<li>Po zako\u0144czeniu prac Kapitu\u0142a sporz\u0105dza protok\u00f3\u0142.<\/li>\n\n\n\n<li>Cz\u0142onkowie Kapitu\u0142y uczestnicz\u0105 w jej pracach nieodp\u0142atnie.<\/li>\n\n\n\n<li>Decyzja Kapitu\u0142y jest zatwierdzana przez Dyrektora Szko\u0142y.<\/li>\n\n\n\n<li>Wyb\u00f3r laureata w kategorii BELFER ROKU nast\u0119puje w drodze g\u0142osowania.<\/li>\n\n\n\n<li>Do g\u0142osowania w kategorii BELFER ROKU uprawnieni s\u0105 wszyscy uczniowie ucz\u0119szczaj\u0105cy w danym roku szkolnym do Zespo\u0142u Szk\u00f3\u0142 Nr 1 im. H. Sienkiewicza.<\/li>\n\n\n\n<li>G\u0142osowanie odbywa si\u0119 w formie ankiety i jest tajne.<\/li>\n\n\n\n<li>Wyborca ma prawo odda\u0107 sw\u00f3j g\u0142os na jednego kandydata.<\/li>\n\n\n\n<li>Wyniki g\u0142osowania s\u0105 tajne do chwili wr\u0119czenia statuetek.<\/li>\n\n\n\n<li>Cz\u0142onkowie Kapitu\u0142y s\u0105 zobowi\u0105zani do zachowania tajemnicy.<\/li>\n<\/ol>\n","protected":false},"excerpt":{"rendered":"","protected":false},"author":1,"featured_media":0,"parent":0,"menu_order":0,"comment_status":"closed","ping_status":"closed","template":"page-no-title","meta":{"footnotes":""},"class_list":["post-4387","page","type-page","status-publish","hentry"],"_links":{"self":[{"href":"https:\/\/szkola.2lo.pl\/index.php\/wp-json\/wp\/v2\/pages\/4387","targetHints":{"allow":["GET"]}}],"collection":[{"href":"https:\/\/szkola.2lo.pl\/index.php\/wp-json\/wp\/v2\/pages"}],"about":[{"href":"https:\/\/szkola.2lo.pl\/index.php\/wp-json\/wp\/v2\/types\/page"}],"author":[{"embeddable":true,"href":"https:\/\/szkola.2lo.pl\/index.php\/wp-json\/wp\/v2\/users\/1"}],"replies":[{"embeddable":true,"href":"https:\/\/szkola.2lo.pl\/index.php\/wp-json\/wp\/v2\/comments?post=4387"}],"version-history":[{"count":1,"href":"https:\/\/szkola.2lo.pl\/index.php\/wp-json\/wp\/v2\/pages\/4387\/revisions"}],"predecessor-version":[{"id":4390,"href":"https:\/\/szkola.2lo.pl\/index.php\/wp-json\/wp\/v2\/pages\/4387\/revisions\/4390"}],"wp:attachment":[{"href":"https:\/\/szkola.2lo.pl\/index.php\/wp-json\/wp\/v2\/media?parent=4387"}],"curies":[{"name":"wp","href":"https:\/\/api.w.org\/{rel}","templated":true}]}}