{"id":4391,"date":"2023-05-24T13:00:44","date_gmt":"2023-05-24T11:00:44","guid":{"rendered":"https:\/\/szkola.2lo.pl\/?page_id=4391"},"modified":"2023-05-24T13:00:44","modified_gmt":"2023-05-24T11:00:44","slug":"nominacje","status":"publish","type":"page","link":"https:\/\/szkola.2lo.pl\/index.php\/nominacje\/","title":{"rendered":"Nominacje"},"content":{"rendered":"\n<h4 class=\"wp-block-heading\">1. 1. Wnioski o przyznanie statuetek w kategoriach: PRZYJACIEL SZKO\u0141Y, WYJ\u0104TKOWY RODZIC, OSOBOWO\u015a\u0106 SZKOLNA, SUPER! ABSOLWENT mog\u0105 sk\u0142ada\u0107:<\/h4>\n\n\n\n<p>a) nauczyciele i pracownicy szko\u0142y,<br><br>b) rodzice obecnych i by\u0142ych uczni\u00f3w,<br><br>c) Samorz\u0105d Uczniowski.<\/p>\n\n\n\n<h4 class=\"wp-block-heading\">2. Wnioski w sprawie przyznawania statuetek nale\u017cy sk\u0142ada\u0107 najp\u00f3\u017aniej na dwa tygodnie przed terminem gali\/ uroczystej akademii.<\/h4>\n\n\n\n<h4 class=\"wp-block-heading\">3. Wniosek w sprawie przyznania statuetek powinien zawiera\u0107:<\/h4>\n\n\n\n<p>a) dane osobowe kandydata,<br><br>b) informacje dotycz\u0105ce ca\u0142okszta\u0142tu dotychczasowej dzia\u0142alno\u015bci kandydata,<br><br>c) uzasadnienie wniosku zawieraj\u0105ce wskazania wyr\u00f3\u017cnionego charakteru dzia\u0142alno\u015bci lub osi\u0105gni\u0119\u0107 i ich znaczenie dla szko\u0142y,<br><br>d) podpis wnioskodawcy,<br><br>e) wz\u00f3r wniosku znajduje si\u0119 w zak\u0142adce HENRYKI\/DOKUMENTY.<\/p>\n\n\n\n<h4 class=\"wp-block-heading\">4. W razie stwierdzenia brak\u00f3w formalnych wnioskodawca jest zobowi\u0105zany do ich<br>usuni\u0119cia w terminie 7 dni od dnia powiadomienia.<\/h4>\n\n\n\n<h4 class=\"wp-block-heading\">5. Wniosek pozostawia si\u0119 bez rozpatrzenia w przypadku:<\/h4>\n\n\n\n<p>a) z\u0142o\u017cenia po terminie,<br><br>b) cofni\u0119cia przez wnioskodawc\u0119,<br><br>c) rezygnacji kandydata,<br><br>d) brak\u00f3w formalnych, je\u015bli nie usuni\u0119to ich w terminie.<\/p>\n\n\n\n<h4 class=\"wp-block-heading\">6. Wyb\u00f3r laureata w kategorii BELFER ROKU nast\u0119puje w drodze g\u0142osowania (patrz: zak\u0142adka KAPITU\u0141A).<\/h4>\n\n\n\n<h4 class=\"wp-block-heading\">7. Decyzj\u0119 o przyznaniu statuetki w kategorii SUPER! HENRYK podejmuje Dyrektor Szko\u0142y w porozumieniu z Kapitu\u0142\u0105 Konkursu:<\/h4>\n\n\n\n<p>a) kandydat jest wybierany przez Kapitu\u0142\u0119,<br><br>b) dopuszcza si\u0119 nieprzyznanie statuetki lub przyznanie jej wi\u0119cej ni\u017c jednemu kandydatowi.<\/p>\n","protected":false},"excerpt":{"rendered":"<p>1. 1. Wnioski o przyznanie statuetek w kategoriach: PRZYJACIEL SZKO\u0141Y, WYJ\u0104TKOWY RODZIC, OSOBOWO\u015a\u0106 SZKOLNA, SUPER! ABSOLWENT mog\u0105 sk\u0142ada\u0107: a) nauczyciele i pracownicy szko\u0142y, [&hellip;]<\/p>\n","protected":false},"author":1,"featured_media":0,"parent":0,"menu_order":0,"comment_status":"closed","ping_status":"closed","template":"page-no-title","meta":{"footnotes":""},"class_list":["post-4391","page","type-page","status-publish","hentry"],"_links":{"self":[{"href":"https:\/\/szkola.2lo.pl\/index.php\/wp-json\/wp\/v2\/pages\/4391","targetHints":{"allow":["GET"]}}],"collection":[{"href":"https:\/\/szkola.2lo.pl\/index.php\/wp-json\/wp\/v2\/pages"}],"about":[{"href":"https:\/\/szkola.2lo.pl\/index.php\/wp-json\/wp\/v2\/types\/page"}],"author":[{"embeddable":true,"href":"https:\/\/szkola.2lo.pl\/index.php\/wp-json\/wp\/v2\/users\/1"}],"replies":[{"embeddable":true,"href":"https:\/\/szkola.2lo.pl\/index.php\/wp-json\/wp\/v2\/comments?post=4391"}],"version-history":[{"count":1,"href":"https:\/\/szkola.2lo.pl\/index.php\/wp-json\/wp\/v2\/pages\/4391\/revisions"}],"predecessor-version":[{"id":4394,"href":"https:\/\/szkola.2lo.pl\/index.php\/wp-json\/wp\/v2\/pages\/4391\/revisions\/4394"}],"wp:attachment":[{"href":"https:\/\/szkola.2lo.pl\/index.php\/wp-json\/wp\/v2\/media?parent=4391"}],"curies":[{"name":"wp","href":"https:\/\/api.w.org\/{rel}","templated":true}]}}