{"id":4474,"date":"2023-05-24T20:25:13","date_gmt":"2023-05-24T18:25:13","guid":{"rendered":"https:\/\/szkola.2lo.pl\/?page_id=4474"},"modified":"2026-01-15T09:35:01","modified_gmt":"2026-01-15T08:35:01","slug":"samorzad-uczniowski","status":"publish","type":"page","link":"https:\/\/szkola.2lo.pl\/index.php\/samorzad-uczniowski\/","title":{"rendered":"Samorz\u0105d uczniowski"},"content":{"rendered":"\n<p>Samorz\u0105d Uczniowski jest dynamiczn\u0105 i zaanga\u017cowan\u0105 organizacj\u0105, skupiaj\u0105c\u0105 uczni\u00f3w naszej szko\u0142y. Naszym celem jest reprezentowanie interes\u00f3w i potrzeb ca\u0142ej spo\u0142eczno\u015bci uczniowskiej, tworzenie pozytywnego \u015brodowiska szkolnego oraz inicjowanie dzia\u0142a\u0144 na rzecz doskonalenia naszej szko\u0142y.<\/p>\n\n\n\n<p>Jeste\u015bmy g\u0142osem uczni\u00f3w i dzia\u0142amy jako most \u0142\u0105cz\u0105cy nas z dyrekcj\u0105, nauczycielami oraz rodzicami. Nasze zadanie polega na tworzeniu dialogu, wspieraniu inicjatyw uczniowskich oraz podejmowaniu dzia\u0142a\u0144 maj\u0105cych na celu popraw\u0119 warunk\u00f3w nauki i \u017cycia szkolnego.<\/p>\n\n\n\n<h4 class=\"wp-block-heading has-text-align-center has-primary-color has-text-color\">Opiekun Samorz\u0105du Szkolnego:&nbsp;<strong> Iga M\u0105czy\u0144ska<\/strong><\/h4>\n\n\n\n<h4 class=\"wp-block-heading has-secondary-color has-text-color\">Sk\u0142ad Prezydium Samorz\u0105du Uczniowskiego roku szkolnego 2025\/2026:<\/h4>\n\n\n<p><strong>Antonina Wasilewska<\/strong>&#8211; Przewodnicz\u0105ca Samorz\u0105du Uczniowskiego<br \/><strong><span data-olk-copy-source=\"MessageBody\">Michalina Pogorzelska &#8211; D\u0142ugaszek<\/span> <\/strong>&#8211; Wiceprzewodnicz\u0105ca Samorz\u0105du Uczniowskiego<br \/><strong>Gabriela Mularczyk<\/strong> &#8211; Sekretarz\u00a0 Samorz\u0105du Uczniowskiego<br \/><strong>Maja Kisiel-<\/strong> Skarbnik\u00a0 Samorz\u0105du Uczniowskiego<br \/><br \/><strong>Hanna B\u0105k \u2013 Krzemie\u0144, Nikola Liczycka<\/strong> &#8211; Social Media<\/p>\n\n\n<p class=\"has-secondary-color has-text-color\"><strong>Cz\u0142onkowie Rady Samorz\u0105du Uczniowskiego:<\/strong><\/p>\n\n\n<p><strong>Aleksandra Prze\u015bluga, Amelia Bota, Lena Szurgot, Maja Sperczy\u0144ska, Marika Duzinkiewicz, Tulia Hercka, Zofia Ma\u0144czak<\/strong><\/p>\n\n\n<p>Samorz\u0105d Uczniowski sk\u0142ada si\u0119 z demokratycznie wybranych przedstawicieli uczni\u00f3w z r\u00f3\u017cnych klas. Przedstawiciele ci spotykaj\u0105 si\u0119 regularnie, aby dyskutowa\u0107 nad bie\u017c\u0105cymi problemami i planowa\u0107 dzia\u0142ania maj\u0105ce na celu ich rozwi\u0105zanie. Wszystkie decyzje podejmowane przez Samorz\u0105d s\u0105 rezultatem konsultacji i g\u0142osowania, co zapewnia uczniom mo\u017cliwo\u015b\u0107 wyra\u017cenia swojego zdania i wp\u0142ywu na kszta\u0142towanie szkolnej rzeczywisto\u015bci.<\/p>\n\n\n\n<p class=\"has-secondary-color has-text-color\"><strong>Zapraszamy do wsp\u00f3\u0142pracy<\/strong><\/p>\n\n\n<p>Nasze dzia\u0142ania obejmuj\u0105 wiele obszar\u00f3w. Organizujemy r\u00f3\u017cnorodne wydarzenia i akcje charytatywne, kt\u00f3re integruj\u0105 spo\u0142eczno\u015b\u0107 szkoln\u0105 i ucz\u0105 odpowiedzialno\u015bci spo\u0142ecznej. Wspieramy r\u00f3wnie\u017c rozw\u00f3j kulturalny i sportowy uczni\u00f3w, organizuj\u0105c konkursy, turnieje oraz wyjazdy edukacyjne.<\/p>\n<p>Samorz\u0105d Uczniowski wsp\u00f3\u0142pracuje r\u00f3wnie\u017c z nauczycielami i dyrekcj\u0105 szko\u0142y, reprezentuj\u0105c uczni\u00f3w podczas wa\u017cnych spotka\u0144 dotycz\u0105cych \u017cycia naszej szko\u0142y. Jeste\u015bmy otwarci na propozycje i pomys\u0142y naszych koleg\u00f3w, a naszym celem jest zapewnienie uczniom jak najlepszych warunk\u00f3w nauki i rozwoju.<\/p>\n<p>Na tej stronie znajdziesz informacje o naszych dzia\u0142aniach, aktualno\u015bciach, wydarzeniach oraz mo\u017cliwo\u015b\u0107 skontaktowania si\u0119 z nami. Je\u015bli masz jakiekolwiek pytania, sugestie lub chcia\u0142by\u015b do\u0142\u0105czy\u0107 do Samorz\u0105du Uczniowskiego, serdecznie zapraszamy do kontaktu.\u00a0<\/p>\n\n\n<p class=\"has-text-align-center has-text-color\" style=\"color:#170ec0\"><strong>Razem mo\u017cemy tworzy\u0107 lepsz\u0105 spo\u0142eczno\u015b\u0107 szkoln\u0105<\/strong><br><strong> i wsp\u00f3lnie wp\u0142ywa\u0107 na pozytywne zmiany w naszej szkole.<\/strong><br><strong> Do\u0142\u0105cz do nas i daj si\u0119 us\u0142ysze\u0107!<\/strong><\/p>\n\n\n\n<p class=\"has-secondary-color has-text-color\"><strong>Co zrobili\u015bmy w ostatnim czasie?<\/strong><\/p>\n\n\n<p>W grudniu 2022 zorganizowali\u015bmy \u015awi\u0105teczny konkurs na naj\u0142adniej udekorowan\u0105 sal\u0119 lekcyjn\u0105. Uczniowie mieli okazj\u0119 wykaza\u0107 si\u0119 kreatywno\u015bci\u0105 i wsp\u00f3lnie stworzy\u0107 magiczn\u0105 atmosfer\u0119 \u015bwi\u0105t w swoich klasach. Ka\u017cda sala by\u0142a przepi\u0119knie udekorowana, pe\u0142na \u015bwi\u0105tecznych ozd\u00f3b, kolorowych \u015bwiate\u0142ek i pi\u0119knych choinek. Konkurs by\u0142 nie tylko okazj\u0105 do wsp\u00f3lnej zabawy, ale r\u00f3wnie\u017c do budowania wi\u0119zi mi\u0119dzy uczniami i nauczycielami. Dzi\u0119ki temu wydarzeniu ka\u017cdy m\u00f3g\u0142 poczu\u0107 magi\u0119 \u015bwi\u0105t i zanurzy\u0107 si\u0119 w atmosferze rado\u015bci i wsp\u00f3lnego \u015bwi\u0119towania.<\/p>\n<p>W styczniu odby\u0142 si\u0119 wspania\u0142y 31. Fina\u0142 Wielkiej Orkiestry \u015awi\u0105tecznej Pomocy, kt\u00f3ry wsp\u00f3\u0142organizowali\u015bmy w ko\u0142obrzeskim MOSiRze. By\u0142 to niezapomniany dzie\u0144 pe\u0142en muzyki, zabawy i pomagania. Na scenie wyst\u0105pi\u0142y lokalne zespo\u0142y muzyczne, a tak\u017ce mieli\u015bmy mo\u017cliwo\u015b\u0107 wzi\u0119cia udzia\u0142u w licznych atrakcjach b\u0105d\u017a zorganizowanie takich, jak licytacje Allegro czy kwesta ciast. Ca\u0142e wydarzenie by\u0142o nie tylko okazj\u0105 do wspierania szczytnej idei, ale tak\u017ce do integracji i sp\u0119dzenia wspania\u0142ego czasu w\u015br\u00f3d przyjaci\u00f3\u0142.<\/p>\n<div>\n<p>W lutym mieli\u015bmy przyjemno\u015b\u0107 zorganizowa\u0107 poczt\u0119 walentynkow\u0105, kt\u00f3ra cieszy\u0142a si\u0119 ogromnym zainteresowaniem w\u015br\u00f3d uczni\u00f3w. Ka\u017cdy m\u00f3g\u0142 napisa\u0107 anonimowe kartki walentynkowe dla swoich koleg\u00f3w i kole\u017canek, wyra\u017caj\u0105c swoje uczucia i \u017cyczliwo\u015b\u0107. Uczniowie mieli mo\u017cliwo\u015b\u0107 wrzucenia ich do skrzynki pocztowej, kt\u00f3r\u0105 ustawili\u015bmy w holu szko\u0142y. W trakcie lekcji, Samorz\u0105d Uczniowski zbiera\u0142 i dostarcza\u0142 kartki do poszczeg\u00f3lnych uczni\u00f3w. Ta inicjatywa mia\u0142a na celu promowanie mi\u0142o\u015bci, przyja\u017ani i empatii w naszej spo\u0142eczno\u015bci szkolnej. By\u0142a to r\u00f3wnie\u017c doskona\u0142a okazja, aby w ciep\u0142ej i przyjaznej atmosferze okaza\u0107 sobie wzajemne wsparcie i doceni\u0107 naszych koleg\u00f3w.<\/p>\n<\/div>\n<p><br aria-hidden=\"true\" \/><\/p>","protected":false},"excerpt":{"rendered":"<p>Samorz\u0105d Uczniowski jest dynamiczn\u0105 i zaanga\u017cowan\u0105 organizacj\u0105, skupiaj\u0105c\u0105 uczni\u00f3w naszej szko\u0142y. Naszym celem jest reprezentowanie interes\u00f3w i potrzeb ca\u0142ej spo\u0142eczno\u015bci uczniowskiej, tworzenie pozytywnego [&hellip;]<\/p>\n","protected":false},"author":1,"featured_media":0,"parent":0,"menu_order":0,"comment_status":"closed","ping_status":"closed","template":"page-no-title","meta":{"footnotes":""},"class_list":["post-4474","page","type-page","status-publish","hentry"],"_links":{"self":[{"href":"https:\/\/szkola.2lo.pl\/index.php\/wp-json\/wp\/v2\/pages\/4474","targetHints":{"allow":["GET"]}}],"collection":[{"href":"https:\/\/szkola.2lo.pl\/index.php\/wp-json\/wp\/v2\/pages"}],"about":[{"href":"https:\/\/szkola.2lo.pl\/index.php\/wp-json\/wp\/v2\/types\/page"}],"author":[{"embeddable":true,"href":"https:\/\/szkola.2lo.pl\/index.php\/wp-json\/wp\/v2\/users\/1"}],"replies":[{"embeddable":true,"href":"https:\/\/szkola.2lo.pl\/index.php\/wp-json\/wp\/v2\/comments?post=4474"}],"version-history":[{"count":8,"href":"https:\/\/szkola.2lo.pl\/index.php\/wp-json\/wp\/v2\/pages\/4474\/revisions"}],"predecessor-version":[{"id":6528,"href":"https:\/\/szkola.2lo.pl\/index.php\/wp-json\/wp\/v2\/pages\/4474\/revisions\/6528"}],"wp:attachment":[{"href":"https:\/\/szkola.2lo.pl\/index.php\/wp-json\/wp\/v2\/media?parent=4474"}],"curies":[{"name":"wp","href":"https:\/\/api.w.org\/{rel}","templated":true}]}}