{"id":4699,"date":"2023-06-28T11:07:06","date_gmt":"2023-06-28T09:07:06","guid":{"rendered":"https:\/\/szkola.2lo.pl\/?page_id=4699"},"modified":"2025-08-05T10:17:07","modified_gmt":"2025-08-05T08:17:07","slug":"podreczniki","status":"publish","type":"page","link":"https:\/\/szkola.2lo.pl\/index.php\/podreczniki\/","title":{"rendered":"Podr\u0119czniki"},"content":{"rendered":"\n<h2 class=\"wp-block-heading has-primary-color has-text-color has-link-color wp-elements-fca90088539497cb719c2344b0f09ed2\"><strong>Szkolny zestaw podr\u0119cznik\u00f3w<\/strong> <strong>w roku szkolnym 2025\/202<\/strong>6<\/h2>\n\n\n\n<p class=\"has-text-color has-link-color wp-elements-980f6880b0d2cef124395108035872a0\" style=\"color:#f02121\"><strong>Zakup podr\u0119cznik\u00f3w do j\u0119zyk\u00f3w obcych w klasach\u00a0pierwszych \u2014 po\u00a0wst\u0119pnych testach j\u0119zykowych.<\/strong><\/p>\n\n\n\n<div data-wp-interactive=\"core\/file\" class=\"wp-block-file\"><object data-wp-bind--hidden=\"!state.hasPdfPreview\" hidden class=\"wp-block-file__embed\" data=\"https:\/\/szkola.2lo.pl\/wp-content\/uploads\/2025\/08\/Szkolny-zestaw-podrecznikow-2025_2026.pdf\" type=\"application\/pdf\" style=\"width:100%;height:600px\" aria-label=\"Osadzone z Szkolny zestaw podr\u0119cznik\u00f3w 2025_2026.\"><\/object><a id=\"wp-block-file--media-2b69d338-2dba-47c5-a8b8-f15e50788b38\" href=\"https:\/\/szkola.2lo.pl\/wp-content\/uploads\/2025\/08\/Szkolny-zestaw-podrecznikow-2025_2026.pdf\">Szkolny zestaw podr\u0119cznik\u00f3w 2025_2026<\/a><a href=\"https:\/\/szkola.2lo.pl\/wp-content\/uploads\/2025\/08\/Szkolny-zestaw-podrecznikow-2025_2026.pdf\" class=\"wp-block-file__button wp-element-button\" download aria-describedby=\"wp-block-file--media-2b69d338-2dba-47c5-a8b8-f15e50788b38\">Pobierz<\/a><\/div>\n\n\n\n<h2 class=\"wp-block-heading has-text-align-center has-primary-color has-text-color\"><strong>Szkolny zestaw podr\u0119cznik\u00f3w<\/strong> <strong>w roku szkolnym 2024\/2025<\/strong><\/h2>\n\n\n\n<div data-wp-interactive=\"core\/file\" class=\"wp-block-file\"><object data-wp-bind--hidden=\"!state.hasPdfPreview\" hidden class=\"wp-block-file__embed\" data=\"https:\/\/szkola.2lo.pl\/wp-content\/uploads\/2024\/06\/Szkolny_Zestaw_Podrecznikow_2024_2025.pdf\" type=\"application\/pdf\" style=\"width:100%;height:600px\" aria-label=\"Osadzone z Szkolny_Zestaw_Podrecznikow_2024_2025.\"><\/object><a id=\"wp-block-file--media-fde9722b-5e75-4e22-b75a-17e15b6e5d03\" href=\"https:\/\/szkola.2lo.pl\/wp-content\/uploads\/2024\/06\/Szkolny_Zestaw_Podrecznikow_2024_2025.pdf\" target=\"_blank\" rel=\"noreferrer noopener\">Szkolny_Zestaw_Podrecznikow_2024_2025<\/a><\/div>\n\n\n\n<h2 class=\"wp-block-heading has-primary-color has-text-color has-link-color wp-elements-82198ed30822163e0531d2a98382f627\"><strong>Szkolny zestaw podr\u0119cznik\u00f3w<\/strong> <strong>w roku szkolnym 2023\/2024<\/strong><\/h2>\n\n\n\n<div data-wp-interactive=\"core\/file\" class=\"wp-block-file aligncenter\"><object data-wp-bind--hidden=\"!state.hasPdfPreview\" hidden class=\"wp-block-file__embed\" data=\"https:\/\/szkola.2lo.pl\/wp-content\/uploads\/2023\/07\/Szkolny_Zestaw_Podrecznikow_2023_2024.pdf\" type=\"application\/pdf\" style=\"width:100%;height:600px\" aria-label=\"Osadzone z Szkolny_Zestaw_Podrecznikow_2023_2024.\"><\/object><a id=\"wp-block-file--media-d4115ce8-f234-448c-9588-bae9e27ab85c\" href=\"https:\/\/szkola.2lo.pl\/wp-content\/uploads\/2023\/07\/Szkolny_Zestaw_Podrecznikow_2023_2024.pdf\" target=\"_blank\" rel=\"noreferrer noopener\">Szkolny_Zestaw_Podrecznikow_2023_2024<\/a><a href=\"https:\/\/szkola.2lo.pl\/wp-content\/uploads\/2023\/07\/Szkolny_Zestaw_Podrecznikow_2023_2024.pdf\" class=\"wp-block-file__button wp-element-button\" download aria-describedby=\"wp-block-file--media-d4115ce8-f234-448c-9588-bae9e27ab85c\">Pobierz<\/a><\/div>\n\n\n<p style=\"text-align: center;\"><strong><span style=\"color: #ff0000;\">Zakup podr\u0119cznik\u00f3w do j\u0119zyk\u00f3w obcych w klasach\u00a0pierwszych \u2014 po\u00a0wst\u0119pnych testach j\u0119zykowych.<\/span><\/strong><\/p>","protected":false},"excerpt":{"rendered":"<p>Szkolny zestaw podr\u0119cznik\u00f3w w roku szkolnym 2025\/2026 Zakup podr\u0119cznik\u00f3w do j\u0119zyk\u00f3w obcych w klasach\u00a0pierwszych \u2014 po\u00a0wst\u0119pnych testach j\u0119zykowych. Szkolny zestaw podr\u0119cznik\u00f3w w roku [&hellip;]<\/p>\n","protected":false},"author":1,"featured_media":0,"parent":0,"menu_order":0,"comment_status":"closed","ping_status":"closed","template":"page-no-title","meta":{"footnotes":""},"class_list":["post-4699","page","type-page","status-publish","hentry"],"_links":{"self":[{"href":"https:\/\/szkola.2lo.pl\/index.php\/wp-json\/wp\/v2\/pages\/4699","targetHints":{"allow":["GET"]}}],"collection":[{"href":"https:\/\/szkola.2lo.pl\/index.php\/wp-json\/wp\/v2\/pages"}],"about":[{"href":"https:\/\/szkola.2lo.pl\/index.php\/wp-json\/wp\/v2\/types\/page"}],"author":[{"embeddable":true,"href":"https:\/\/szkola.2lo.pl\/index.php\/wp-json\/wp\/v2\/users\/1"}],"replies":[{"embeddable":true,"href":"https:\/\/szkola.2lo.pl\/index.php\/wp-json\/wp\/v2\/comments?post=4699"}],"version-history":[{"count":8,"href":"https:\/\/szkola.2lo.pl\/index.php\/wp-json\/wp\/v2\/pages\/4699\/revisions"}],"predecessor-version":[{"id":6006,"href":"https:\/\/szkola.2lo.pl\/index.php\/wp-json\/wp\/v2\/pages\/4699\/revisions\/6006"}],"wp:attachment":[{"href":"https:\/\/szkola.2lo.pl\/index.php\/wp-json\/wp\/v2\/media?parent=4699"}],"curies":[{"name":"wp","href":"https:\/\/api.w.org\/{rel}","templated":true}]}}