{"id":4758,"date":"2023-07-10T14:27:04","date_gmt":"2023-07-10T12:27:04","guid":{"rendered":"https:\/\/szkola.2lo.pl\/?page_id=4758"},"modified":"2025-03-04T14:39:45","modified_gmt":"2025-03-04T13:39:45","slug":"projekty-2","status":"publish","type":"page","link":"https:\/\/szkola.2lo.pl\/index.php\/projekty-2\/","title":{"rendered":"Projekty"},"content":{"rendered":"\n<figure class=\"wp-block-image size-large\"><img loading=\"lazy\" decoding=\"async\" width=\"1024\" height=\"215\" src=\"https:\/\/szkola.2lo.pl\/wp-content\/uploads\/2024\/10\/EN-Co-funded-by-the-EU_POS_m-1024x215.webp\" alt=\"erasmus\" class=\"wp-image-5910\" srcset=\"https:\/\/szkola.2lo.pl\/wp-content\/uploads\/2024\/10\/EN-Co-funded-by-the-EU_POS_m-1024x215.webp 1024w, https:\/\/szkola.2lo.pl\/wp-content\/uploads\/2024\/10\/EN-Co-funded-by-the-EU_POS_m-300x63.webp 300w, https:\/\/szkola.2lo.pl\/wp-content\/uploads\/2024\/10\/EN-Co-funded-by-the-EU_POS_m-768x161.webp 768w, https:\/\/szkola.2lo.pl\/wp-content\/uploads\/2024\/10\/EN-Co-funded-by-the-EU_POS_m.webp 1430w\" sizes=\"auto, (max-width: 1024px) 100vw, 1024px\" \/><figcaption class=\"wp-element-caption\"><strong>Erasmus+ \/ KA220-VET &#8211; Cooperation partnerships in vocational education and training<br>Project Title:The Power of AR and VR: Igniting Passion for Learning Through Innovative<br>Technologies Project No.:2024-1-PL01- KA220-VET-000243150<\/strong><\/figcaption><\/figure>\n\n\n\n<figure class=\"wp-block-image aligncenter size-full\"><img loading=\"lazy\" decoding=\"async\" width=\"600\" height=\"415\" src=\"https:\/\/szkola.2lo.pl\/wp-content\/uploads\/2023\/10\/pr_pracownia-1.webp\" alt=\"\" class=\"wp-image-5265\" srcset=\"https:\/\/szkola.2lo.pl\/wp-content\/uploads\/2023\/10\/pr_pracownia-1.webp 600w, https:\/\/szkola.2lo.pl\/wp-content\/uploads\/2023\/10\/pr_pracownia-1-300x208.webp 300w\" sizes=\"auto, (max-width: 600px) 100vw, 600px\" \/><\/figure>\n\n\n\n<div class=\"wp-block-media-text alignwide is-stacked-on-mobile\"><figure class=\"wp-block-media-text__media\"><a href=\"http:\/\/j.kawalek.2lo.pl\/kolobrzeg3d\/\" target=\"_blank\" rel=\"noreferrer noopener\"><img loading=\"lazy\" decoding=\"async\" width=\"1024\" height=\"206\" src=\"https:\/\/szkola.2lo.pl\/wp-content\/uploads\/2023\/07\/LOGO_KOLOBRZEG-3D-1024x206.jpg\" alt=\"\" class=\"wp-image-4759 size-full\" srcset=\"https:\/\/szkola.2lo.pl\/wp-content\/uploads\/2023\/07\/LOGO_KOLOBRZEG-3D-1024x206.jpg 1024w, https:\/\/szkola.2lo.pl\/wp-content\/uploads\/2023\/07\/LOGO_KOLOBRZEG-3D-300x60.jpg 300w, https:\/\/szkola.2lo.pl\/wp-content\/uploads\/2023\/07\/LOGO_KOLOBRZEG-3D-768x155.jpg 768w, https:\/\/szkola.2lo.pl\/wp-content\/uploads\/2023\/07\/LOGO_KOLOBRZEG-3D-1536x309.jpg 1536w, https:\/\/szkola.2lo.pl\/wp-content\/uploads\/2023\/07\/LOGO_KOLOBRZEG-3D-2048x412.jpg 2048w, https:\/\/szkola.2lo.pl\/wp-content\/uploads\/2023\/07\/LOGO_KOLOBRZEG-3D-1800x362.jpg 1800w\" sizes=\"auto, (max-width: 1024px) 100vw, 1024px\" \/><\/a><\/figure><div class=\"wp-block-media-text__content\">\n<p>Je\u017celi chcesz wiedzie\u0107 jak tworzymy nasze  projekty 3D oraz nad czym aktualnie pracujemy zapraszamy na stron\u0119: <a rel=\"noreferrer noopener\" href=\"http:\/\/kolobrzeg3d.2lo.pl\/\" target=\"_blank\">kolobrzeg3d.2lo.pl<\/a><\/p>\n<\/div><\/div>\n\n\n\n<figure class=\"wp-block-image aligncenter size-full\"><img loading=\"lazy\" decoding=\"async\" width=\"500\" height=\"441\" src=\"https:\/\/szkola.2lo.pl\/wp-content\/uploads\/2023\/10\/nprc2_0-1.webp\" alt=\"\" class=\"wp-image-5292\" srcset=\"https:\/\/szkola.2lo.pl\/wp-content\/uploads\/2023\/10\/nprc2_0-1.webp 500w, https:\/\/szkola.2lo.pl\/wp-content\/uploads\/2023\/10\/nprc2_0-1-300x265.webp 300w\" sizes=\"auto, (max-width: 500px) 100vw, 500px\" \/><\/figure>\n\n\n\n<p><\/p>\n","protected":false},"excerpt":{"rendered":"<p>Je\u017celi chcesz wiedzie\u0107 jak tworzymy nasze projekty 3D oraz nad czym aktualnie pracujemy zapraszamy na stron\u0119: kolobrzeg3d.2lo.pl<\/p>\n","protected":false},"author":1,"featured_media":0,"parent":0,"menu_order":0,"comment_status":"closed","ping_status":"closed","template":"page-no-title","meta":{"footnotes":""},"class_list":["post-4758","page","type-page","status-publish","hentry"],"_links":{"self":[{"href":"https:\/\/szkola.2lo.pl\/index.php\/wp-json\/wp\/v2\/pages\/4758","targetHints":{"allow":["GET"]}}],"collection":[{"href":"https:\/\/szkola.2lo.pl\/index.php\/wp-json\/wp\/v2\/pages"}],"about":[{"href":"https:\/\/szkola.2lo.pl\/index.php\/wp-json\/wp\/v2\/types\/page"}],"author":[{"embeddable":true,"href":"https:\/\/szkola.2lo.pl\/index.php\/wp-json\/wp\/v2\/users\/1"}],"replies":[{"embeddable":true,"href":"https:\/\/szkola.2lo.pl\/index.php\/wp-json\/wp\/v2\/comments?post=4758"}],"version-history":[{"count":9,"href":"https:\/\/szkola.2lo.pl\/index.php\/wp-json\/wp\/v2\/pages\/4758\/revisions"}],"predecessor-version":[{"id":5945,"href":"https:\/\/szkola.2lo.pl\/index.php\/wp-json\/wp\/v2\/pages\/4758\/revisions\/5945"}],"wp:attachment":[{"href":"https:\/\/szkola.2lo.pl\/index.php\/wp-json\/wp\/v2\/media?parent=4758"}],"curies":[{"name":"wp","href":"https:\/\/api.w.org\/{rel}","templated":true}]}}