{"id":4904,"date":"2023-08-21T19:38:53","date_gmt":"2023-08-21T17:38:53","guid":{"rendered":"https:\/\/szkola.2lo.pl\/?page_id=4904"},"modified":"2024-09-02T19:03:40","modified_gmt":"2024-09-02T17:03:40","slug":"stypendia-dla-uczniow","status":"publish","type":"page","link":"https:\/\/szkola.2lo.pl\/index.php\/informacje-dla-ucznia\/stypendia-dla-uczniow\/","title":{"rendered":"Stypendia dla uczni\u00f3w"},"content":{"rendered":"\n<p>Uczniowie Zespo\u0142y Szk\u00f3\u0142 Nr 1 im. H. Sienkiewicza w Ko\u0142obrzegu corocznie mog\u0105 ubiega\u0107 si\u0119 o stypendia i nagrody. S\u0105 to stypendia ufundowane zar\u00f3wno przez instytucje pa\u0144stwowe&nbsp;jak i przez przyjaci\u00f3\u0142 naszej szko\u0142y \u2013 darczy\u0144c\u00f3w prywatnych, kt\u00f3rzy chc\u0105 wspiera\u0107 nasz\u0105 m\u0142odzie\u017c w rozwijaniu swoich uzdolnie\u0144 i pasji.<\/p>\n\n\n\n<p><\/p>\n\n\n\n<h4 class=\"wp-block-heading has-secondary-color has-text-color\">W roku szkolnym 2024\/2025 mo\u017cna ubiega\u0107 si\u0119 o nast\u0119puj\u0105ce stypendia\u00a0\u00a0 i nagrody:<\/h4>\n\n\n\n<ul class=\"wp-block-list\">\n<li><strong>Stypendium Prezesa Rady Ministr\u00f3w<\/strong> \u2013 przyznaje si\u0119 uczniowi, kt\u00f3ry otrzyma\u0142 promocj\u0119 z wyr\u00f3\u017cnieniem, uzyskuj\u0105c najwy\u017csz\u0105 \u015bredni\u0105 ocen w szkole lub wykazuje szczeg\u00f3lne uzdolnienia w co najmniej jednej dziedzinie wiedzy, uzyskuj\u0105c w niej najwy\u017csze wyniki, a w pozosta\u0142ych dziedzinach wiedzy wyniki co najmniej dobre <em>(rozporz\u0105dzenie Rady Ministr\u00f3w z dnia 14 czerwca 2005r. w sprawie stypendi\u00f3w Prezesa Rady Ministr\u00f3w, ministra w\u0142a\u015bciwego do spraw o\u015bwiaty i wychowania &#8211;&nbsp; Dz. U. Nr 106, poz. 889 i 890 ze zm.).<\/em><\/li>\n\n\n\n<li><strong>Stypendium ministra w\u0142a\u015bciwego do spraw o\u015bwiaty i wychowania&nbsp; <\/strong>&#8211;&nbsp; mo\u017ce by\u0107 przyznane uczniowi uzyskuj\u0105cemu wybitne osi\u0105gni\u0119cia edukacyjne lub uzyska\u0142 wysokie wyniki we wsp\u00f3\u0142zawodnictwie sportowym na szczeblu krajowym lub mi\u0119dzynarodowym.<\/li>\n\n\n\n<li><strong>Stypendium Starosty Ko\u0142obrzeskiego za szczeg\u00f3lne osi\u0105gni\u0119cia w nauce &nbsp;&nbsp;&nbsp;<\/strong><em>(w za\u0142\u0105czeniu &nbsp;uchwa\u0142a)<\/em><\/li>\n\n\n\n<li><strong>Nagrody rzeczowe Starosty Ko\u0142obrzeskiego dla najlepszych uczni\u00f3w szk\u00f3\u0142 ponadpodstawowych <\/strong><em>(w za\u0142\u0105czeniu uchwa\u0142a)<\/em><\/li>\n\n\n\n<li><strong>Stypendium <em>Stowarzyszenia na Rzecz Pomocy Ludziom Niepe\u0142nosprawnym &nbsp;i Potrzebuj\u0105cym Opieki \u201eSenior\u201d<\/em>&nbsp; &#8211; <\/strong>stypendium otrzymuj\u0105 uczniowie, kt\u00f3rzy s\u0105 wolontariuszami, skupiaj\u0105c swoje dzia\u0142ania &nbsp;szczeg\u00f3lnie na niesieniu pomocy osobom starszym i niepe\u0142nosprawnym. Uczniowie, kt\u00f3rzy chcieliby ubiega\u0107 si\u0119 o stypendium, mog\u0105 zg\u0142osi\u0107 swoj\u0105 kandydatur\u0119 wraz z pisemnym uzasadnieniem do wychowawcy klasy dwa razy w roku przed ka\u017cd\u0105 rad\u0105 klasyfikacyjn\u0105(stypendium przyznawane jest na jeden semestr).<\/li>\n\n\n\n<li><strong><em>Stypendium \u015bw.<\/em><\/strong><em> <strong>Alberta Wielkiego<\/strong><\/em> \u2013 jest to jednorazowa gratyfikacja pieni\u0119\u017cna &nbsp;w wysoko\u015bci 9&nbsp;000 z\u0142. dla absolwenta szko\u0142y, kt\u00f3ry wyr\u00f3\u017cnia si\u0119 szczeg\u00f3lnymi zdolno\u015bciami w kierunkach \u015bcis\u0142ych lub przyrodniczych oraz chce je rozwija\u0107 na studiach wy\u017cszych na kierunku przyrodniczym lub \u015bcis\u0142ym. Warunkiem otrzymania stypendium jest potwierdzenie przyj\u0119cia na presti\u017cowy kierunek studi\u00f3w dziennych na jednej z uznanych uczelni. Dodatkowym kryterium jest r\u00f3wnie\u017c sytuacja materialna kandydata <em>(regulamin w za\u0142\u0105czeniu).<\/em> Stypendium ufundowane jest przez prywatnego darczy\u0144c\u0119.<\/li>\n\n\n\n<li><strong>Stypendium <em>Litwos<\/em><\/strong><em>&nbsp; &#8211; <\/em>jednorazowe stypendium ufundowane przez Pani\u0105 Wiolett\u0119 Krzemi\u0144sk\u0105 \u2013 \u0141azarczak i Pana Tomasza \u0141azarczaka. Wysoko\u015b\u0107 stypendium wynosi 2&nbsp;000 z\u0142 i przeznaczone jest dla uczni\u00f3w uzdolnionych artystycznie. Wnioski&nbsp;o przyznanie stypendium sk\u0142ada si\u0119 do 31 pa\u017adziernika ka\u017cdego roku szkolnego &nbsp;<em>(w za\u0142\u0105czeniu regulamin<\/em>).<\/li>\n<\/ul>\n\n\n\n<h4 class=\"wp-block-heading has-secondary-color has-text-color\">Za\u0142\u0105czniki:<\/h4>\n\n\n\n<div class=\"wp-block-file\"><a id=\"wp-block-file--media-1c8078a2-197c-49e4-87fa-829513f0eacd\" href=\"https:\/\/szkola.2lo.pl\/wp-content\/uploads\/2023\/08\/regulamin-nagrody-rzeczowe-Starosty.pdf\">regulamin-nagrody-rzeczowe-Starosty<\/a><\/div>\n\n\n\n<div class=\"wp-block-file\"><a id=\"wp-block-file--media-606a847d-b89d-4679-8f5c-e913a1b2ecb6\" href=\"https:\/\/szkola.2lo.pl\/wp-content\/uploads\/2023\/08\/uchwala-w-sprawie-Stypendium-Starosty-Kolobrzeskiego.pdf\">uchwala-w-sprawie-Stypendium-Starosty-Kolobrzeskiego<\/a><\/div>\n\n\n\n<div class=\"wp-block-file\"><a id=\"wp-block-file--media-cea41824-8264-40f4-ade0-3da509d1dce8\" href=\"https:\/\/szkola.2lo.pl\/wp-content\/uploads\/2023\/08\/regulamin-stypendium-Litwos_20230818_0001.pdf\">regulamin-stypendium-Litwos_20230818_0001<\/a><\/div>\n\n\n\n<div class=\"wp-block-file\"><a id=\"wp-block-file--media-207e7fb4-0e0e-47e8-9cbf-d8d1f0ada697\" href=\"https:\/\/szkola.2lo.pl\/wp-content\/uploads\/2023\/08\/regulamin-stypendium-sw.-Alberta-Wielkiego_20230818_0001.pdf\">regulamin-stypendium-sw.-Alberta-Wielkiego_20230818_0001<\/a><\/div>\n","protected":false},"excerpt":{"rendered":"<p>Uczniowie Zespo\u0142y Szk\u00f3\u0142 Nr 1 im. H. Sienkiewicza w Ko\u0142obrzegu corocznie mog\u0105 ubiega\u0107 si\u0119 o stypendia i nagrody. S\u0105 to stypendia ufundowane zar\u00f3wno [&hellip;]<\/p>\n","protected":false},"author":1,"featured_media":0,"parent":4226,"menu_order":4,"comment_status":"closed","ping_status":"closed","template":"page-no-title","meta":{"footnotes":""},"class_list":["post-4904","page","type-page","status-publish","hentry"],"_links":{"self":[{"href":"https:\/\/szkola.2lo.pl\/index.php\/wp-json\/wp\/v2\/pages\/4904","targetHints":{"allow":["GET"]}}],"collection":[{"href":"https:\/\/szkola.2lo.pl\/index.php\/wp-json\/wp\/v2\/pages"}],"about":[{"href":"https:\/\/szkola.2lo.pl\/index.php\/wp-json\/wp\/v2\/types\/page"}],"author":[{"embeddable":true,"href":"https:\/\/szkola.2lo.pl\/index.php\/wp-json\/wp\/v2\/users\/1"}],"replies":[{"embeddable":true,"href":"https:\/\/szkola.2lo.pl\/index.php\/wp-json\/wp\/v2\/comments?post=4904"}],"version-history":[{"count":4,"href":"https:\/\/szkola.2lo.pl\/index.php\/wp-json\/wp\/v2\/pages\/4904\/revisions"}],"predecessor-version":[{"id":5707,"href":"https:\/\/szkola.2lo.pl\/index.php\/wp-json\/wp\/v2\/pages\/4904\/revisions\/5707"}],"up":[{"embeddable":true,"href":"https:\/\/szkola.2lo.pl\/index.php\/wp-json\/wp\/v2\/pages\/4226"}],"wp:attachment":[{"href":"https:\/\/szkola.2lo.pl\/index.php\/wp-json\/wp\/v2\/media?parent=4904"}],"curies":[{"name":"wp","href":"https:\/\/api.w.org\/{rel}","templated":true}]}}